{"id":652,"date":"2018-11-29T16:55:49","date_gmt":"2018-11-29T19:55:49","guid":{"rendered":"http:\/\/www.menapace.com.ar\/insignis\/?page_id=652"},"modified":"2018-12-11T14:07:06","modified_gmt":"2018-12-11T17:07:06","slug":"conversaciones-de-coaching","status":"publish","type":"page","link":"https:\/\/www.menapace.com.ar\/insignis\/conversaciones-de-coaching\/","title":{"rendered":"Conversaciones de Coaching"},"content":{"rendered":"\t\t<div data-elementor-type=\"wp-post\" data-elementor-id=\"652\" class=\"elementor elementor-652 elementor-bc-flex-widget\" data-elementor-post-type=\"page\">\n\t\t\t\t\t\t<section class=\"elementor-section elementor-top-section elementor-element elementor-element-e899844 elementor-section-boxed elementor-section-height-default elementor-section-height-default\" data-id=\"e899844\" data-element_type=\"section\" data-e-type=\"section\">\n\t\t\t\t\t\t<div class=\"elementor-container elementor-column-gap-default\">\n\t\t\t\t\t<div class=\"elementor-column elementor-col-100 elementor-top-column elementor-element elementor-element-c1bd447\" data-id=\"c1bd447\" data-element_type=\"column\" data-e-type=\"column\">\n\t\t\t<div class=\"elementor-widget-wrap elementor-element-populated\">\n\t\t\t\t\t\t<section class=\"elementor-section elementor-inner-section elementor-element elementor-element-c77a9e2 elementor-section-boxed elementor-section-height-default elementor-section-height-default\" data-id=\"c77a9e2\" data-element_type=\"section\" data-e-type=\"section\">\n\t\t\t\t\t\t<div class=\"elementor-container elementor-column-gap-default\">\n\t\t\t\t\t<div class=\"elementor-column elementor-col-50 elementor-inner-column elementor-element elementor-element-550c158\" data-id=\"550c158\" data-element_type=\"column\" data-e-type=\"column\">\n\t\t\t<div class=\"elementor-widget-wrap elementor-element-populated\">\n\t\t\t\t\t\t<div class=\"elementor-element elementor-element-bc12ad1 elementor-widget elementor-widget-text-editor\" data-id=\"bc12ad1\" data-element_type=\"widget\" data-e-type=\"widget\" data-widget_type=\"text-editor.default\">\n\t\t\t\t<div class=\"elementor-widget-container\">\n\t\t\t\t\t\t\t\t\t<h2>Coaching Individual \u2013 Life Coaching<\/h2><p>\u2022 \u00bfVivis estresada o estresado?<br \/>\u2022 \u00bfNo encontras tu lugar en el mundo?<br \/>\u2022 \u00bfQueres cambiar el rumbo de tu vida y te parece muy dif\u00edcil?<br \/>\u2022 \u00bfTenes sue\u00f1os que crees inalcanzables?<\/p><h4>\u00bfPara qu\u00e9 sirve el coaching individual o life coaching?<\/h4>\t\t\t\t\t\t\t\t<\/div>\n\t\t\t\t<\/div>\n\t\t\t\t<div class=\"elementor-element elementor-element-9636046 elementor-widget elementor-widget-text-editor\" data-id=\"9636046\" data-element_type=\"widget\" data-e-type=\"widget\" data-widget_type=\"text-editor.default\">\n\t\t\t\t<div class=\"elementor-widget-container\">\n\t\t\t\t\t\t\t\t\t<ul><li>Asistimos a la persona a cambiar en la forma que ella desea.<\/li><li>Asistimos a la persona a dirigirse en la direcci\u00f3n que ella quiere tomar.<\/li><li>Asistimos a la persona a trav\u00e9s de preguntas, a pensar por s\u00ed misma, a encontrar dentro de s\u00ed su potencial, sea a nivel personal o profesional, para lograr sus metas.<\/li><\/ul>\t\t\t\t\t\t\t\t<\/div>\n\t\t\t\t<\/div>\n\t\t\t\t\t<\/div>\n\t\t<\/div>\n\t\t\t\t<div class=\"elementor-column elementor-col-50 elementor-inner-column elementor-element elementor-element-0d7f181\" data-id=\"0d7f181\" data-element_type=\"column\" data-e-type=\"column\">\n\t\t\t<div class=\"elementor-widget-wrap elementor-element-populated\">\n\t\t\t\t\t\t<div class=\"elementor-element elementor-element-30f676f elementor-widget elementor-widget-image\" data-id=\"30f676f\" data-element_type=\"widget\" data-e-type=\"widget\" data-widget_type=\"image.default\">\n\t\t\t\t<div class=\"elementor-widget-container\">\n\t\t\t\t\t\t\t\t\t\t\t\t\t\t\t<img fetchpriority=\"high\" decoding=\"async\" width=\"640\" height=\"390\" src=\"https:\/\/www.menapace.com.ar\/insignis\/wp-content\/uploads\/2018\/12\/coaching-individual-10.jpg\" class=\"attachment-medium_large size-medium_large wp-image-675\" alt=\"\" srcset=\"https:\/\/www.menapace.com.ar\/insignis\/wp-content\/uploads\/2018\/12\/coaching-individual-10.jpg 640w, https:\/\/www.menapace.com.ar\/insignis\/wp-content\/uploads\/2018\/12\/coaching-individual-10-300x183.jpg 300w\" sizes=\"(max-width: 640px) 100vw, 640px\" \/>\t\t\t\t\t\t\t\t\t\t\t\t\t\t\t<\/div>\n\t\t\t\t<\/div>\n\t\t\t\t\t<\/div>\n\t\t<\/div>\n\t\t\t\t\t<\/div>\n\t\t<\/section>\n\t\t\t\t<section class=\"elementor-section elementor-inner-section elementor-element elementor-element-c26a60d elementor-section-boxed elementor-section-height-default elementor-section-height-default\" data-id=\"c26a60d\" data-element_type=\"section\" data-e-type=\"section\">\n\t\t\t\t\t\t<div class=\"elementor-container elementor-column-gap-default\">\n\t\t\t\t\t<div class=\"elementor-column elementor-col-100 elementor-inner-column elementor-element elementor-element-6eaba94\" data-id=\"6eaba94\" data-element_type=\"column\" data-e-type=\"column\">\n\t\t\t<div class=\"elementor-widget-wrap elementor-element-populated\">\n\t\t\t\t\t\t<div class=\"elementor-element elementor-element-26fe5d9 elementor-widget elementor-widget-text-editor\" data-id=\"26fe5d9\" data-element_type=\"widget\" data-e-type=\"widget\" data-widget_type=\"text-editor.default\">\n\t\t\t\t<div class=\"elementor-widget-container\">\n\t\t\t\t\t\t\t\t\t<h4>El rol del Coach<\/h4>\t\t\t\t\t\t\t\t<\/div>\n\t\t\t\t<\/div>\n\t\t\t\t<div class=\"elementor-element elementor-element-dbc8e8c elementor-widget-divider--view-line elementor-widget elementor-widget-divider\" data-id=\"dbc8e8c\" data-element_type=\"widget\" data-e-type=\"widget\" data-widget_type=\"divider.default\">\n\t\t\t\t<div class=\"elementor-widget-container\">\n\t\t\t\t\t\t\t<div class=\"elementor-divider\">\n\t\t\t<span class=\"elementor-divider-separator\">\n\t\t\t\t\t\t<\/span>\n\t\t<\/div>\n\t\t\t\t\t\t<\/div>\n\t\t\t\t<\/div>\n\t\t\t\t<div class=\"elementor-element elementor-element-befdf44 elementor-widget elementor-widget-text-editor\" data-id=\"befdf44\" data-element_type=\"widget\" data-e-type=\"widget\" data-widget_type=\"text-editor.default\">\n\t\t\t\t<div class=\"elementor-widget-container\">\n\t\t\t\t\t\t\t\t\t<p>Acompa\u00f1amos a la persona a trav\u00e9s del proceso de coaching para que equilibre su vida. Trabajamos con personas que se encuentran bajo presi\u00f3n para que sean m\u00e1s felices y libres.<\/p><p>Asistimos a las personas a que aprendan por s\u00ed mismas:<\/p><p>\u2022 C\u00f3mo encontrar su equilibrio de vida ideal.<br \/>\u2022 C\u00f3mo dejar de ser una v\u00edctima y convertirse en un agente que marca la diferencia con sus acciones.<br \/>\u2022 C\u00f3mo resignificar los juicios y las presiones del &#8216;deber&#8217; que causan el estr\u00e9s.<br \/>\u2022 C\u00f3mo vivir en base a sus valores.<br \/>\u2022 C\u00f3mo alcanzar el estado y\/o situaci\u00f3n deseada.<br \/>\u2022 C\u00f3mo equilibrar compromiso y participaci\u00f3n.<br \/>\u2022 C\u00f3mo cambiar sus conversaciones internas y ver posibilidades donde hoy no las est\u00e1 viendo.<\/p>\t\t\t\t\t\t\t\t<\/div>\n\t\t\t\t<\/div>\n\t\t\t\t\t<\/div>\n\t\t<\/div>\n\t\t\t\t\t<\/div>\n\t\t<\/section>\n\t\t\t\t<div class=\"elementor-element elementor-element-e682361 elementor-widget elementor-widget-spacer\" data-id=\"e682361\" data-element_type=\"widget\" data-e-type=\"widget\" data-widget_type=\"spacer.default\">\n\t\t\t\t<div class=\"elementor-widget-container\">\n\t\t\t\t\t\t\t<div class=\"elementor-spacer\">\n\t\t\t<div class=\"elementor-spacer-inner\"><\/div>\n\t\t<\/div>\n\t\t\t\t\t\t<\/div>\n\t\t\t\t<\/div>\n\t\t\t\t<section class=\"elementor-section elementor-inner-section elementor-element elementor-element-d662448 elementor-section-boxed elementor-section-height-default elementor-section-height-default\" data-id=\"d662448\" data-element_type=\"section\" data-e-type=\"section\">\n\t\t\t\t\t\t<div class=\"elementor-container elementor-column-gap-default\">\n\t\t\t\t\t<div class=\"elementor-column elementor-col-50 elementor-inner-column elementor-element elementor-element-c65a791\" data-id=\"c65a791\" data-element_type=\"column\" data-e-type=\"column\">\n\t\t\t<div class=\"elementor-widget-wrap elementor-element-populated\">\n\t\t\t\t\t\t<div class=\"elementor-element elementor-element-e1a27e8 elementor-widget elementor-widget-image\" data-id=\"e1a27e8\" data-element_type=\"widget\" data-e-type=\"widget\" data-widget_type=\"image.default\">\n\t\t\t\t<div class=\"elementor-widget-container\">\n\t\t\t\t\t\t\t\t\t\t\t\t\t\t\t<img decoding=\"async\" width=\"768\" height=\"488\" src=\"https:\/\/www.menapace.com.ar\/insignis\/wp-content\/uploads\/2018\/12\/rawpixel-com-423665-768x488.jpg\" class=\"attachment-medium_large size-medium_large wp-image-681\" alt=\"\" srcset=\"https:\/\/www.menapace.com.ar\/insignis\/wp-content\/uploads\/2018\/12\/rawpixel-com-423665-768x488.jpg 768w, https:\/\/www.menapace.com.ar\/insignis\/wp-content\/uploads\/2018\/12\/rawpixel-com-423665-300x191.jpg 300w, https:\/\/www.menapace.com.ar\/insignis\/wp-content\/uploads\/2018\/12\/rawpixel-com-423665-1024x651.jpg 1024w\" sizes=\"(max-width: 768px) 100vw, 768px\" \/>\t\t\t\t\t\t\t\t\t\t\t\t\t\t\t<\/div>\n\t\t\t\t<\/div>\n\t\t\t\t\t<\/div>\n\t\t<\/div>\n\t\t\t\t<div class=\"elementor-column elementor-col-50 elementor-inner-column elementor-element elementor-element-d4a6974\" data-id=\"d4a6974\" data-element_type=\"column\" data-e-type=\"column\">\n\t\t\t<div class=\"elementor-widget-wrap elementor-element-populated\">\n\t\t\t\t\t\t<div class=\"elementor-element elementor-element-f75635e elementor-widget elementor-widget-text-editor\" data-id=\"f75635e\" data-element_type=\"widget\" data-e-type=\"widget\" data-widget_type=\"text-editor.default\">\n\t\t\t\t<div class=\"elementor-widget-container\">\n\t\t\t\t\t\t\t\t\t<h2>Coaching Ejecutivo<\/h2><p>El Coaching ejecutivo, se trata de una forma de aprendizaje personalizada que implica asistir individualmente a los ejecutivos a que encuentren y saquen su mayo potencial para emprender acciones eficaces, mejorar el rendimiento y el crecimiento personal, adem\u00e1s de obtener mejores resultados empresariales para la organizaci\u00f3n.<\/p>\t\t\t\t\t\t\t\t<\/div>\n\t\t\t\t<\/div>\n\t\t\t\t\t<\/div>\n\t\t<\/div>\n\t\t\t\t\t<\/div>\n\t\t<\/section>\n\t\t\t\t<section class=\"elementor-section elementor-inner-section elementor-element elementor-element-2ca675b elementor-section-boxed elementor-section-height-default elementor-section-height-default\" data-id=\"2ca675b\" data-element_type=\"section\" data-e-type=\"section\">\n\t\t\t\t\t\t<div class=\"elementor-container elementor-column-gap-default\">\n\t\t\t\t\t<div class=\"elementor-column elementor-col-100 elementor-inner-column elementor-element elementor-element-46bd657\" data-id=\"46bd657\" data-element_type=\"column\" data-e-type=\"column\">\n\t\t\t<div class=\"elementor-widget-wrap elementor-element-populated\">\n\t\t\t\t\t\t<div class=\"elementor-element elementor-element-f95be62 elementor-widget elementor-widget-text-editor\" data-id=\"f95be62\" data-element_type=\"widget\" data-e-type=\"widget\" data-widget_type=\"text-editor.default\">\n\t\t\t\t<div class=\"elementor-widget-container\">\n\t\t\t\t\t\t\t\t\t<h4>Beneficios del coaching ejecutivo<\/h4>\t\t\t\t\t\t\t\t<\/div>\n\t\t\t\t<\/div>\n\t\t\t\t<div class=\"elementor-element elementor-element-ca99429 elementor-widget-divider--view-line elementor-widget elementor-widget-divider\" data-id=\"ca99429\" data-element_type=\"widget\" data-e-type=\"widget\" data-widget_type=\"divider.default\">\n\t\t\t\t<div class=\"elementor-widget-container\">\n\t\t\t\t\t\t\t<div class=\"elementor-divider\">\n\t\t\t<span class=\"elementor-divider-separator\">\n\t\t\t\t\t\t<\/span>\n\t\t<\/div>\n\t\t\t\t\t\t<\/div>\n\t\t\t\t<\/div>\n\t\t\t\t<div class=\"elementor-element elementor-element-7d6a285 elementor-widget elementor-widget-text-editor\" data-id=\"7d6a285\" data-element_type=\"widget\" data-e-type=\"widget\" data-widget_type=\"text-editor.default\">\n\t\t\t\t<div class=\"elementor-widget-container\">\n\t\t\t\t\t\t\t\t\t<p>Algunas de las razones por las que se necesita el coaching ejecutivo, son las siguientes:<\/p><ul><li>La formaci\u00f3n por s\u00ed sola ha demostrado ser inadecuada para proporcionar a los ejecutivos las t\u00e9cnicas que necesitan.<\/li><li>Muchos ejecutivos siguen utilizando un estilo de gesti\u00f3n autoritario, lo que propicia la falta de fidelidad y compromiso de los empleados.<\/li><li>60 de cada 100 de los ejecutivos ocupan cargos directivos sin haber recibido ning\u00fan tipo de formaci\u00f3n en interacci\u00f3n con el personal.<\/li><li>Aumento del estr\u00e9s.<\/li><li>Aumento del fracaso profesional.<\/li><li>Los ejecutivos est\u00e1n sujetos a valoraciones m\u00e1s frecuentes de sus t\u00e9cnicas personales.<\/li><li>En muchas organizaciones, la actitud competitiva ha sido sustituida por la necesidad de funcionar como un miembro y un l\u00edder colaboradores de equipo.<\/li><\/ul>\t\t\t\t\t\t\t\t<\/div>\n\t\t\t\t<\/div>\n\t\t\t\t<div class=\"elementor-element elementor-element-6b344a3 elementor-widget elementor-widget-text-editor\" data-id=\"6b344a3\" data-element_type=\"widget\" data-e-type=\"widget\" data-widget_type=\"text-editor.default\">\n\t\t\t\t<div class=\"elementor-widget-container\">\n\t\t\t\t\t\t\t\t\t<h4>Ventajas de practicar el coaching ejecutivo<\/h4>\t\t\t\t\t\t\t\t<\/div>\n\t\t\t\t<\/div>\n\t\t\t\t<div class=\"elementor-element elementor-element-65e26f9 elementor-widget-divider--view-line elementor-widget elementor-widget-divider\" data-id=\"65e26f9\" data-element_type=\"widget\" data-e-type=\"widget\" data-widget_type=\"divider.default\">\n\t\t\t\t<div class=\"elementor-widget-container\">\n\t\t\t\t\t\t\t<div class=\"elementor-divider\">\n\t\t\t<span class=\"elementor-divider-separator\">\n\t\t\t\t\t\t<\/span>\n\t\t<\/div>\n\t\t\t\t\t\t<\/div>\n\t\t\t\t<\/div>\n\t\t\t\t<div class=\"elementor-element elementor-element-316eebb elementor-widget elementor-widget-text-editor\" data-id=\"316eebb\" data-element_type=\"widget\" data-e-type=\"widget\" data-widget_type=\"text-editor.default\">\n\t\t\t\t<div class=\"elementor-widget-container\">\n\t\t\t\t\t\t\t\t\t<p>Las ventajas principales que presenta este tipo de coaching, son las siguientes:<\/p><ul><li>Facilita a su destinatario a afrontar los cambios y nuevos cargos, y a planificarse para conseguir<br \/>objetivos.<\/li><li>Facilita a conocer la organizaci\u00f3n y a conocerse m\u00e1s a s\u00ed mismo.<\/li><li>Facilita a identificar los puntos fuertes y potenciarlos, y los puntos d\u00e9biles y superarlos.<\/li><li>Facilita al ejecutivo a ser m\u00e1s flexible en sus actuaciones.<\/li><li>Facilita a gestionar eficientemente el estr\u00e9s.<\/li><li>Facilita a afrontar y resolver de manera productiva los conflictos, tanto personales como con los compa\u00f1eros de trabajo.<\/li><li>Facilita a relacionarse mejor con clientes y compa\u00f1eros de trabajo.<\/li><li>Facilita a ser menos competitivo y m\u00e1s colaborador en el entorno de trabajo.<\/li><li>Facilita a comunicarse mejor y a saber escuchar.<\/li><li>Facilita a mejorar las t\u00e9cnicas de liderazgo e incluso a aprenderlas.<\/li><li>Facilita a desarrollar t\u00e9cnicas de aprendizaje, potenciar las t\u00e9cnicas empresariales y conocer los objetivos para conseguir una mayor satisfacci\u00f3n en el desempe\u00f1o de funciones.<\/li><li>Facilita a delegar, a aumentar la productividad y a sacar el m\u00e1ximo rendimiento al factor humano.<\/li><\/ul>\t\t\t\t\t\t\t\t<\/div>\n\t\t\t\t<\/div>\n\t\t\t\t\t<\/div>\n\t\t<\/div>\n\t\t\t\t\t<\/div>\n\t\t<\/section>\n\t\t\t\t<div class=\"elementor-element elementor-element-562f62e elementor-widget elementor-widget-spacer\" data-id=\"562f62e\" data-element_type=\"widget\" data-e-type=\"widget\" data-widget_type=\"spacer.default\">\n\t\t\t\t<div class=\"elementor-widget-container\">\n\t\t\t\t\t\t\t<div class=\"elementor-spacer\">\n\t\t\t<div class=\"elementor-spacer-inner\"><\/div>\n\t\t<\/div>\n\t\t\t\t\t\t<\/div>\n\t\t\t\t<\/div>\n\t\t\t\t<section class=\"elementor-section elementor-inner-section elementor-element elementor-element-8d31426 elementor-section-boxed elementor-section-height-default elementor-section-height-default\" data-id=\"8d31426\" data-element_type=\"section\" data-e-type=\"section\">\n\t\t\t\t\t\t<div class=\"elementor-container elementor-column-gap-default\">\n\t\t\t\t\t<div class=\"elementor-column elementor-col-50 elementor-inner-column elementor-element elementor-element-ddf1f72\" data-id=\"ddf1f72\" data-element_type=\"column\" data-e-type=\"column\">\n\t\t\t<div class=\"elementor-widget-wrap elementor-element-populated\">\n\t\t\t\t\t\t<div class=\"elementor-element elementor-element-ecf59ba elementor-widget elementor-widget-text-editor\" data-id=\"ecf59ba\" data-element_type=\"widget\" data-e-type=\"widget\" data-widget_type=\"text-editor.default\">\n\t\t\t\t<div class=\"elementor-widget-container\">\n\t\t\t\t\t\t\t\t\t<h2>Coaching de Equipos<\/h2><p>Dirigido a comit\u00e9s de direcci\u00f3n, equipos de direcci\u00f3n o cualquier equipo de trabajo que quiera mejorar su eficacia y aumentar su potencial como equipo a la hora de tomar decisiones.<br \/>El coaching ha demostrado ser un m\u00e9todo efectivo en la organizaci\u00f3n de equipos que quieren alcanzar el m\u00e1s alto grado de \u201cempowerment\u201d.<\/p><p>\u00bfCrees que tu equipo puede hacerlo mejor?<br \/>\u00bfTu equipo se enfrenta a un reto del que debe salir exitoso?<br \/>\u00bfNecesitas que tu equipo sea m\u00e1s eficiente?<\/p>\t\t\t\t\t\t\t\t<\/div>\n\t\t\t\t<\/div>\n\t\t\t\t\t<\/div>\n\t\t<\/div>\n\t\t\t\t<div class=\"elementor-column elementor-col-50 elementor-inner-column elementor-element elementor-element-db15996\" data-id=\"db15996\" data-element_type=\"column\" data-e-type=\"column\">\n\t\t\t<div class=\"elementor-widget-wrap elementor-element-populated\">\n\t\t\t\t\t\t<div class=\"elementor-element elementor-element-e0fcc5c elementor-widget elementor-widget-image\" data-id=\"e0fcc5c\" data-element_type=\"widget\" data-e-type=\"widget\" data-widget_type=\"image.default\">\n\t\t\t\t<div class=\"elementor-widget-container\">\n\t\t\t\t\t\t\t\t\t\t\t\t\t\t\t<img decoding=\"async\" width=\"680\" height=\"300\" src=\"https:\/\/www.menapace.com.ar\/insignis\/wp-content\/uploads\/2018\/12\/COACHING-DE-EQUIPO-1.jpg\" class=\"attachment-medium_large size-medium_large wp-image-677\" alt=\"\" srcset=\"https:\/\/www.menapace.com.ar\/insignis\/wp-content\/uploads\/2018\/12\/COACHING-DE-EQUIPO-1.jpg 680w, https:\/\/www.menapace.com.ar\/insignis\/wp-content\/uploads\/2018\/12\/COACHING-DE-EQUIPO-1-300x132.jpg 300w\" sizes=\"(max-width: 680px) 100vw, 680px\" \/>\t\t\t\t\t\t\t\t\t\t\t\t\t\t\t<\/div>\n\t\t\t\t<\/div>\n\t\t\t\t\t<\/div>\n\t\t<\/div>\n\t\t\t\t\t<\/div>\n\t\t<\/section>\n\t\t\t\t<div class=\"elementor-element elementor-element-2ee1685 elementor-widget elementor-widget-text-editor\" data-id=\"2ee1685\" data-element_type=\"widget\" data-e-type=\"widget\" data-widget_type=\"text-editor.default\">\n\t\t\t\t<div class=\"elementor-widget-container\">\n\t\t\t\t\t\t\t\t\t<p style=\"text-align: left;\"><strong>Podes lograr que tu equipo sea de alto rendimiento.<\/strong><\/p><p>Te acompa\u00f1amos en el proceso:<\/p><ul><li>\u00a0Identificando las necesidades de mejora o cambio.<\/li><li>Identificando los obst\u00e1culos que impiden el alto rendimiento.<\/li><li>Motivando a las personas para establecer y asumir objetivos de mejora.<\/li><li>Ayudando a superar las barreras.<\/li><li>Logrando acuerdo y claridad de los objetivos y c\u00f3mo abordarlos.<\/li><li>Utilizando los valores del equipo como fuente de motivaci\u00f3n.<\/li><li>Abordando el conflicto en el equipo.<\/li><li>Creando oportunidades para practicar las habilidades deseadas.<\/li><li>Estructurando planes de acci\u00f3n eficaces para los equipos.<\/li><li>Ayudando a superar los contratiempos.<\/li><li>Midiendo el rendimiento del equipo.<\/li><\/ul><p>Aplicamos el m\u00e9todo de coaching adecuado a cada equipo, considerando la cultura organizativa, el tipo de equipo y los roles de equipo de las personas.<\/p>\t\t\t\t\t\t\t\t<\/div>\n\t\t\t\t<\/div>\n\t\t\t\t<section class=\"elementor-section elementor-inner-section elementor-element elementor-element-9c7839a elementor-section-boxed elementor-section-height-default elementor-section-height-default\" data-id=\"9c7839a\" data-element_type=\"section\" data-e-type=\"section\">\n\t\t\t\t\t\t<div class=\"elementor-container elementor-column-gap-default\">\n\t\t\t\t\t<div class=\"elementor-column elementor-col-33 elementor-inner-column elementor-element elementor-element-8b1ce2d\" data-id=\"8b1ce2d\" data-element_type=\"column\" data-e-type=\"column\">\n\t\t\t<div class=\"elementor-widget-wrap\">\n\t\t\t\t\t\t\t<\/div>\n\t\t<\/div>\n\t\t\t\t<div class=\"elementor-column elementor-col-33 elementor-inner-column elementor-element elementor-element-3510555\" data-id=\"3510555\" data-element_type=\"column\" data-e-type=\"column\">\n\t\t\t<div class=\"elementor-widget-wrap elementor-element-populated\">\n\t\t\t\t\t\t<div class=\"elementor-element elementor-element-1ed6f2e elementor-align-center elementor-widget elementor-widget-button\" data-id=\"1ed6f2e\" data-element_type=\"widget\" data-e-type=\"widget\" data-widget_type=\"button.default\">\n\t\t\t\t<div class=\"elementor-widget-container\">\n\t\t\t\t\t\t\t\t\t<div class=\"elementor-button-wrapper\">\n\t\t\t\t\t<a class=\"elementor-button elementor-button-link elementor-size-md\" href=\"https:\/\/www.menapace.com.ar\/insignis\/contacto\/\">\n\t\t\t\t\t\t<span class=\"elementor-button-content-wrapper\">\n\t\t\t\t\t\t<span class=\"elementor-button-icon\">\n\t\t\t\t\t\t\t\t\t<i class=\"fa fa-paper-plane\" aria-hidden=\"true\"><\/i>\n\t\t\t\t\t\t\t<\/span>\n\t\t\t\t\t\t\t\t\t<span class=\"elementor-button-text\">Contactenos<\/span>\n\t\t\t\t\t<\/span>\n\t\t\t\t\t<\/a>\n\t\t\t\t<\/div>\n\t\t\t\t\t\t\t\t<\/div>\n\t\t\t\t<\/div>\n\t\t\t\t\t<\/div>\n\t\t<\/div>\n\t\t\t\t<div class=\"elementor-column elementor-col-33 elementor-inner-column elementor-element elementor-element-1d472a5\" data-id=\"1d472a5\" data-element_type=\"column\" data-e-type=\"column\">\n\t\t\t<div class=\"elementor-widget-wrap\">\n\t\t\t\t\t\t\t<\/div>\n\t\t<\/div>\n\t\t\t\t\t<\/div>\n\t\t<\/section>\n\t\t\t\t\t<\/div>\n\t\t<\/div>\n\t\t\t\t\t<\/div>\n\t\t<\/section>\n\t\t\t\t<\/div>\n\t\t","protected":false},"excerpt":{"rendered":"<p>Coaching Individual \u2013 Life Coaching \u2022 \u00bfVivis estresada o estresado?\u2022 \u00bfNo encontras tu lugar en el mundo?\u2022 \u00bfQueres cambiar el rumbo de tu vida y te parece muy dif\u00edcil?\u2022 \u00bfTenes sue\u00f1os que crees inalcanzables? \u00bfPara qu\u00e9 sirve el coaching individual o life coaching? Asistimos a la persona a cambiar en la forma que ella desea. [&hellip;]<\/p>\n","protected":false},"author":1,"featured_media":0,"parent":0,"menu_order":0,"comment_status":"closed","ping_status":"closed","template":"","meta":{"_acf_changed":false,"ocean_post_layout":"","ocean_both_sidebars_style":"","ocean_both_sidebars_content_width":0,"ocean_both_sidebars_sidebars_width":0,"ocean_sidebar":"","ocean_second_sidebar":"","ocean_disable_margins":"enable","ocean_add_body_class":"","ocean_shortcode_before_top_bar":"","ocean_shortcode_after_top_bar":"","ocean_shortcode_before_header":"","ocean_shortcode_after_header":"","ocean_has_shortcode":"","ocean_shortcode_after_title":"","ocean_shortcode_before_footer_widgets":"","ocean_shortcode_after_footer_widgets":"","ocean_shortcode_before_footer_bottom":"","ocean_shortcode_after_footer_bottom":"","ocean_display_top_bar":"default","ocean_display_header":"default","ocean_header_style":"","ocean_center_header_left_menu":"","ocean_custom_header_template":"","ocean_custom_logo":0,"ocean_custom_retina_logo":0,"ocean_custom_logo_max_width":0,"ocean_custom_logo_tablet_max_width":0,"ocean_custom_logo_mobile_max_width":0,"ocean_custom_logo_max_height":0,"ocean_custom_logo_tablet_max_height":0,"ocean_custom_logo_mobile_max_height":0,"ocean_header_custom_menu":"","ocean_menu_typo_font_family":"","ocean_menu_typo_font_subset":"","ocean_menu_typo_font_size":0,"ocean_menu_typo_font_size_tablet":0,"ocean_menu_typo_font_size_mobile":0,"ocean_menu_typo_font_size_unit":"px","ocean_menu_typo_font_weight":"","ocean_menu_typo_font_weight_tablet":"","ocean_menu_typo_font_weight_mobile":"","ocean_menu_typo_transform":"","ocean_menu_typo_transform_tablet":"","ocean_menu_typo_transform_mobile":"","ocean_menu_typo_line_height":0,"ocean_menu_typo_line_height_tablet":0,"ocean_menu_typo_line_height_mobile":0,"ocean_menu_typo_line_height_unit":"","ocean_menu_typo_spacing":0,"ocean_menu_typo_spacing_tablet":0,"ocean_menu_typo_spacing_mobile":0,"ocean_menu_typo_spacing_unit":"","ocean_menu_link_color":"","ocean_menu_link_color_hover":"","ocean_menu_link_color_active":"","ocean_menu_link_background":"","ocean_menu_link_hover_background":"","ocean_menu_link_active_background":"","ocean_menu_social_links_bg":"","ocean_menu_social_hover_links_bg":"","ocean_menu_social_links_color":"","ocean_menu_social_hover_links_color":"","ocean_disable_title":"default","ocean_disable_heading":"default","ocean_post_title":"","ocean_post_subheading":"","ocean_post_title_style":"","ocean_post_title_background_color":"","ocean_post_title_background":0,"ocean_post_title_bg_image_position":"","ocean_post_title_bg_image_attachment":"","ocean_post_title_bg_image_repeat":"","ocean_post_title_bg_image_size":"","ocean_post_title_height":0,"ocean_post_title_bg_overlay":0.5,"ocean_post_title_bg_overlay_color":"","ocean_disable_breadcrumbs":"default","ocean_breadcrumbs_color":"","ocean_breadcrumbs_separator_color":"","ocean_breadcrumbs_links_color":"","ocean_breadcrumbs_links_hover_color":"","ocean_display_footer_widgets":"default","ocean_display_footer_bottom":"default","ocean_custom_footer_template":"","omw_enable_modal_window":"enable","footnotes":""},"class_list":["post-652","page","type-page","status-publish","hentry","entry"],"acf":[],"_links":{"self":[{"href":"https:\/\/www.menapace.com.ar\/insignis\/wp-json\/wp\/v2\/pages\/652","targetHints":{"allow":["GET"]}}],"collection":[{"href":"https:\/\/www.menapace.com.ar\/insignis\/wp-json\/wp\/v2\/pages"}],"about":[{"href":"https:\/\/www.menapace.com.ar\/insignis\/wp-json\/wp\/v2\/types\/page"}],"author":[{"embeddable":true,"href":"https:\/\/www.menapace.com.ar\/insignis\/wp-json\/wp\/v2\/users\/1"}],"replies":[{"embeddable":true,"href":"https:\/\/www.menapace.com.ar\/insignis\/wp-json\/wp\/v2\/comments?post=652"}],"version-history":[{"count":5,"href":"https:\/\/www.menapace.com.ar\/insignis\/wp-json\/wp\/v2\/pages\/652\/revisions"}],"predecessor-version":[{"id":724,"href":"https:\/\/www.menapace.com.ar\/insignis\/wp-json\/wp\/v2\/pages\/652\/revisions\/724"}],"wp:attachment":[{"href":"https:\/\/www.menapace.com.ar\/insignis\/wp-json\/wp\/v2\/media?parent=652"}],"curies":[{"name":"wp","href":"https:\/\/api.w.org\/{rel}","templated":true}]}}